{"id":507,"date":"2022-12-12T20:25:57","date_gmt":"2022-12-12T20:25:57","guid":{"rendered":"https:\/\/stopskincancer.websepp.ch\/?page_id=507"},"modified":"2022-12-17T21:25:11","modified_gmt":"2022-12-17T21:25:11","slug":"impressum-und-datenschutz","status":"publish","type":"page","link":"https:\/\/stopskincancer.ch\/de\/impressum-und-datenschutz\/","title":{"rendered":"IMPRESSUM UND DATENSCHUTZ"},"content":{"rendered":"<div data-elementor-type=\"wp-page\" data-elementor-id=\"507\" class=\"elementor elementor-507\" data-elementor-post-type=\"page\">\n\t\t\t\t\t\t<section class=\"elementor-section elementor-top-section elementor-element elementor-element-48811d4 elementor-section-boxed elementor-section-height-default elementor-section-height-default\" data-id=\"48811d4\" data-element_type=\"section\">\n\t\t\t\t\t\t<div class=\"elementor-container elementor-column-gap-default\">\n\t\t\t\t\t<div class=\"elementor-column elementor-col-100 elementor-top-column elementor-element elementor-element-0fb7db2\" data-id=\"0fb7db2\" data-element_type=\"column\">\n\t\t\t<div class=\"elementor-widget-wrap elementor-element-populated\">\n\t\t\t\t\t\t<div class=\"elementor-element elementor-element-5222bb0 elementor-widget elementor-widget-text-editor\" data-id=\"5222bb0\" data-element_type=\"widget\" data-widget_type=\"text-editor.default\">\n\t\t\t\t<div class=\"elementor-widget-container\">\n\t\t\t\t\t\t\t\t\t<h1>IMPRESSUM UND DATENSCHUTZ<\/h1><p><strong>Verantwortlich f\u00fcr den Inhalt dieser Website<\/strong><br \/><br \/>STOPSKINCANCER.CH<br \/><br \/>Monsieur Andr\u00e9 Friedli<br \/>110 route de ch\u00eane<br \/>1224 Chene bougeries<\/p><p><strong><br \/>Haftungsausschluss und Gew\u00e4hrleistung<\/strong><br \/><br \/>Wir bem\u00fchen uns um m\u00f6glichst korrekte und aktuelle Informationen. Die Inhalte wurden sorgf\u00e4ltig erarbeitet. Trotzdem k\u00f6nnen Fehler auftreten. Die Autoren dieser Webseite \u00fcbernehmen daher keinerlei Gew\u00e4hr hinsichtlich der inhaltlichen Richtigkeit, Genauigkeit, Aktualit\u00e4t, Zuverl\u00e4ssigkeit und Vollst\u00e4ndigkeit der Informationen. Haftungsanspr\u00fcche wegen Sch\u00e4den materieller oder immaterieller Art lehnen die Autoren dieser Webseite vollumf\u00e4nglich ab. Die Verwendung der Webseite und der darin enthaltenen Informationen erfolgen auf eigene Gefahr. Alle Angebote sind unverbindlich. Die Autoren behalten ausdr\u00fccklich vor, Teile der Seiten oder das gesamte Angebot ohne gesonderte Ank\u00fcndigung zu ver\u00e4ndern, zu erg\u00e4nzen, zu l\u00f6schen oder die Ver\u00f6ffentlichung zeitweise oder endg\u00fcltig einzustellen.<br \/><br \/><br \/><br \/><strong>Haftung f\u00fcr Links<\/strong><br \/><br \/>Zum Zeitpunkt der Aufnahme haben wir Links zu externen Anbietern \u00fcberpr\u00fcft. Sollten diese Links aber k\u00fcnftig nicht mehr funktionieren oder zu anderen Webseiten f\u00fchren, k\u00f6nnen wir daf\u00fcr nicht haftbar gemacht werden. Verweise und Links auf Webseiten Dritter liegen ausserhalb unseres Verantwortungsbereichs, wir lehnen jegliche Verantwortung f\u00fcr solche Webseiten ab. Der Zugriff und die Nutzung solcher Webseiten erfolgen auf eigene Gefahr des Nutzers oder der Nutzerin.<br \/><br \/><br \/><br \/><strong>Urheberrechte<\/strong><br \/><br \/>Die Urheber- und alle anderen Rechte an Inhalten, Bildern, Fotos oder anderen Dateien auf der Webseite geh\u00f6ren ausschliesslich den Autoren dieser Webseite oder den speziell genannten Rechtsinhabern. F\u00fcr die Reproduktion jeglicher Elemente ist die schriftliche Zustimmung der Urheberrechtstr\u00e4ger im Voraus einzuholen.<br \/><br \/><br \/><br \/><strong>Datenschutz<\/strong><br \/><br \/>Gest\u00fctzt auf Artikel 13 der schweizerischen Bundesverfassung und die datenschutzrechtlichen Bestimmungen des Bundes (Datenschutzgesetz, DSG) hat jede Person Anspruch auf Schutz ihrer Privatsph\u00e4re sowie auf Schutz vor Missbrauch ihrer pers\u00f6nlichen Daten. Wir halten diese Bestimmungen ein. Pers\u00f6nliche Daten werden streng vertraulich behandelt und weder an Dritte verkauft noch weitergegeben. In enger Zusammenarbeit mit unseren Hosting-Providern bem\u00fchen wir uns, die Datenbanken so gut wie m\u00f6glich vor fremden Zugriffen, Verlusten, Missbrauch oder vor F\u00e4lschung zu sch\u00fctzen. Beim Zugriff auf diese Webseite werden folgende Daten in Logfiles gespeichert: IP-Adresse, Datum, Uhrzeit, Browser-Anfrage und allg. \u00fcbertragene Informationen zum Betriebssystem resp. Browser. Diese Nutzungsdaten bilden die Basis f\u00fcr statistische, anonyme Auswertungen, so dass Trends erkennbar sind, anhand derer wir unsere Angebote entsprechend verbessern k\u00f6nnen.<\/p>\t\t\t\t\t\t\t\t<\/div>\n\t\t\t\t<\/div>\n\t\t\t\t\t<\/div>\n\t\t<\/div>\n\t\t\t\t\t<\/div>\n\t\t<\/section>\n\t\t\t\t<\/div>","protected":false},"excerpt":{"rendered":"<p>MENTIONS L\u00c9GALES ET PROTECTION DES DONN\u00c9ES Responsable du contenu de ce site web STOPSKINCANCER.CH Monsieur Andr\u00e9 Friedli110 route de ch\u00eane1224 Chene bougeries Clause de non-responsabilit\u00e9 et garantie Nous nous effor\u00e7ons de fournir des informations aussi correctes et actuelles que possible. Les contenus ont \u00e9t\u00e9 \u00e9labor\u00e9s avec soin. Des erreurs peuvent n\u00e9anmoins survenir. Les auteurs de [&hellip;]<\/p>","protected":false},"author":1,"featured_media":0,"parent":0,"menu_order":0,"comment_status":"closed","ping_status":"closed","template":"","meta":{"footnotes":""},"class_list":["post-507","page","type-page","status-publish","hentry"],"_links":{"self":[{"href":"https:\/\/stopskincancer.ch\/de\/wp-json\/wp\/v2\/pages\/507","targetHints":{"allow":["GET"]}}],"collection":[{"href":"https:\/\/stopskincancer.ch\/de\/wp-json\/wp\/v2\/pages"}],"about":[{"href":"https:\/\/stopskincancer.ch\/de\/wp-json\/wp\/v2\/types\/page"}],"author":[{"embeddable":true,"href":"https:\/\/stopskincancer.ch\/de\/wp-json\/wp\/v2\/users\/1"}],"replies":[{"embeddable":true,"href":"https:\/\/stopskincancer.ch\/de\/wp-json\/wp\/v2\/comments?post=507"}],"version-history":[{"count":7,"href":"https:\/\/stopskincancer.ch\/de\/wp-json\/wp\/v2\/pages\/507\/revisions"}],"predecessor-version":[{"id":552,"href":"https:\/\/stopskincancer.ch\/de\/wp-json\/wp\/v2\/pages\/507\/revisions\/552"}],"wp:attachment":[{"href":"https:\/\/stopskincancer.ch\/de\/wp-json\/wp\/v2\/media?parent=507"}],"curies":[{"name":"wp","href":"https:\/\/api.w.org\/{rel}","templated":true}]}}